{"id":24,"date":"2019-03-05T15:30:48","date_gmt":"2019-03-05T19:30:48","guid":{"rendered":"http:\/\/banzeironews.com\/radiobanzeiro\/?page_id=24"},"modified":"2025-08-30T19:05:09","modified_gmt":"2025-08-30T23:05:09","slug":"programacao","status":"publish","type":"page","link":"https:\/\/www.banzeironews.com\/radiobanzeiro\/programacao\/","title":{"rendered":"Programa\u00e7\u00e3o"},"content":{"rendered":"\t\t<div data-elementor-type=\"wp-page\" data-elementor-id=\"24\" class=\"elementor elementor-24\" data-elementor-post-type=\"page\">\n\t\t\t\t<div class=\"elementor-element elementor-element-7e9dd4f e-flex e-con-boxed e-con e-parent\" data-id=\"7e9dd4f\" data-element_type=\"container\" data-e-type=\"container\">\n\t\t\t\t\t<div class=\"e-con-inner\">\n\t\t\t\t<div class=\"elementor-element elementor-element-5dd612b elementor-widget elementor-widget-heading\" data-id=\"5dd612b\" data-element_type=\"widget\" data-e-type=\"widget\" data-widget_type=\"heading.default\">\n\t\t\t\t\t<h2 class=\"elementor-heading-title elementor-size-default\">Programa\u00e7\u00e3o<\/h2>\t\t\t\t<\/div>\n\t\t\t\t<div class=\"elementor-element elementor-element-685d47b4 elementor-widget elementor-widget-text-editor\" data-id=\"685d47b4\" data-element_type=\"widget\" data-e-type=\"widget\" data-widget_type=\"text-editor.default\">\n\t\t\t\t\t\t\t\t\t<p>Segunda a Domingo<br \/>&#8211; Show Musical<\/p><p>Nossa programa\u00e7\u00e3o \u00e9 de alta qualidade, com uma sele\u00e7\u00e3o de m\u00fasicas nacionais e internacionais que s\u00e3o absolutos sucessos.<\/p>\t\t\t\t\t\t\t\t<\/div>\n\t\t\t\t\t<\/div>\n\t\t\t\t<\/div>\n\t\t\t\t<\/div>\n\t\t","protected":false},"excerpt":{"rendered":"<p>Programa\u00e7\u00e3o Segunda a Domingo&#8211; Show Musical Nossa programa\u00e7\u00e3o \u00e9 de alta qualidade, com uma sele\u00e7\u00e3o de m\u00fasicas nacionais e internacionais que s\u00e3o absolutos sucessos.<\/p>\n","protected":false},"author":1,"featured_media":0,"parent":0,"menu_order":0,"comment_status":"closed","ping_status":"closed","template":"elementor_header_footer","meta":{"footnotes":""},"class_list":["post-24","page","type-page","status-publish","hentry"],"_links":{"self":[{"href":"https:\/\/www.banzeironews.com\/radiobanzeiro\/wp-json\/wp\/v2\/pages\/24","targetHints":{"allow":["GET"]}}],"collection":[{"href":"https:\/\/www.banzeironews.com\/radiobanzeiro\/wp-json\/wp\/v2\/pages"}],"about":[{"href":"https:\/\/www.banzeironews.com\/radiobanzeiro\/wp-json\/wp\/v2\/types\/page"}],"author":[{"embeddable":true,"href":"https:\/\/www.banzeironews.com\/radiobanzeiro\/wp-json\/wp\/v2\/users\/1"}],"replies":[{"embeddable":true,"href":"https:\/\/www.banzeironews.com\/radiobanzeiro\/wp-json\/wp\/v2\/comments?post=24"}],"version-history":[{"count":5,"href":"https:\/\/www.banzeironews.com\/radiobanzeiro\/wp-json\/wp\/v2\/pages\/24\/revisions"}],"predecessor-version":[{"id":255,"href":"https:\/\/www.banzeironews.com\/radiobanzeiro\/wp-json\/wp\/v2\/pages\/24\/revisions\/255"}],"wp:attachment":[{"href":"https:\/\/www.banzeironews.com\/radiobanzeiro\/wp-json\/wp\/v2\/media?parent=24"}],"curies":[{"name":"wp","href":"https:\/\/api.w.org\/{rel}","templated":true}]}}