{"id":21,"date":"2019-03-05T15:30:23","date_gmt":"2019-03-05T19:30:23","guid":{"rendered":"http:\/\/banzeironews.com\/radiobanzeiro\/?page_id=21"},"modified":"2025-08-30T18:01:38","modified_gmt":"2025-08-30T22:01:38","slug":"a-radio","status":"publish","type":"page","link":"https:\/\/www.banzeironews.com\/radiobanzeiro\/a-radio\/","title":{"rendered":"A R\u00e1dio"},"content":{"rendered":"\t\t<div data-elementor-type=\"wp-page\" data-elementor-id=\"21\" class=\"elementor elementor-21\" data-elementor-post-type=\"page\">\n\t\t\t\t<div class=\"elementor-element elementor-element-54daf468 e-flex e-con-boxed e-con e-parent\" data-id=\"54daf468\" data-element_type=\"container\" data-e-type=\"container\">\n\t\t\t\t\t<div class=\"e-con-inner\">\n\t\t\t\t<div class=\"elementor-element elementor-element-2f60a2a elementor-widget elementor-widget-heading\" data-id=\"2f60a2a\" data-element_type=\"widget\" data-e-type=\"widget\" data-widget_type=\"heading.default\">\n\t\t\t\t\t<h2 class=\"elementor-heading-title elementor-size-default\">Sobre N\u00f3s<\/h2>\t\t\t\t<\/div>\n\t\t\t\t<div class=\"elementor-element elementor-element-4d109829 elementor-widget elementor-widget-text-editor\" data-id=\"4d109829\" data-element_type=\"widget\" data-e-type=\"widget\" data-widget_type=\"text-editor.default\">\n\t\t\t\t\t\t\t\t\t<p>Banzeiro R\u00e1dio Web \u00e9 uma emissora online agregada ao portal de not\u00edcias Banzeiro News (<a href=\"https:\/\/banzeironews.com\" target=\"_blank\" rel=\"noopener\">https:\/\/banzeironews.com<\/a>) que tem o objetivo de divulgar a m\u00fasica popular brasileira (MPB) e tamb\u00e9m os hits internacionais que fizeram e fazem sucesso entre o p\u00fablico brasileiro.<\/p><p>Com isso, enquanto l\u00ea as not\u00edcias do portal Banzeiro News, o usu\u00e1rio pode ouvir m\u00fasica \u00e0 vontade.<\/p><p>Banzeiro R\u00e1dio Web, o som da nossa gente!<\/p>\t\t\t\t\t\t\t\t<\/div>\n\t\t\t\t\t<\/div>\n\t\t\t\t<\/div>\n\t\t\t\t<\/div>\n\t\t","protected":false},"excerpt":{"rendered":"<p>Sobre N\u00f3s Banzeiro R\u00e1dio Web \u00e9 uma emissora online agregada ao portal de not\u00edcias Banzeiro News (https:\/\/banzeironews.com) que tem o objetivo de divulgar a m\u00fasica popular brasileira (MPB) e tamb\u00e9m os hits internacionais que fizeram e fazem sucesso entre o p\u00fablico brasileiro. Com isso, enquanto l\u00ea as not\u00edcias do portal Banzeiro News, o usu\u00e1rio pode [&hellip;]<\/p>\n","protected":false},"author":1,"featured_media":0,"parent":0,"menu_order":0,"comment_status":"closed","ping_status":"closed","template":"elementor_header_footer","meta":{"footnotes":""},"class_list":["post-21","page","type-page","status-publish","hentry"],"_links":{"self":[{"href":"https:\/\/www.banzeironews.com\/radiobanzeiro\/wp-json\/wp\/v2\/pages\/21","targetHints":{"allow":["GET"]}}],"collection":[{"href":"https:\/\/www.banzeironews.com\/radiobanzeiro\/wp-json\/wp\/v2\/pages"}],"about":[{"href":"https:\/\/www.banzeironews.com\/radiobanzeiro\/wp-json\/wp\/v2\/types\/page"}],"author":[{"embeddable":true,"href":"https:\/\/www.banzeironews.com\/radiobanzeiro\/wp-json\/wp\/v2\/users\/1"}],"replies":[{"embeddable":true,"href":"https:\/\/www.banzeironews.com\/radiobanzeiro\/wp-json\/wp\/v2\/comments?post=21"}],"version-history":[{"count":5,"href":"https:\/\/www.banzeironews.com\/radiobanzeiro\/wp-json\/wp\/v2\/pages\/21\/revisions"}],"predecessor-version":[{"id":222,"href":"https:\/\/www.banzeironews.com\/radiobanzeiro\/wp-json\/wp\/v2\/pages\/21\/revisions\/222"}],"wp:attachment":[{"href":"https:\/\/www.banzeironews.com\/radiobanzeiro\/wp-json\/wp\/v2\/media?parent=21"}],"curies":[{"name":"wp","href":"https:\/\/api.w.org\/{rel}","templated":true}]}}